{"id":2,"date":"2023-07-10T19:27:18","date_gmt":"2023-07-10T17:27:18","guid":{"rendered":"http:\/\/spark26.com\/?page_id=2"},"modified":"2023-07-11T17:57:36","modified_gmt":"2023-07-11T15:57:36","slug":"page-d-exemple","status":"publish","type":"page","link":"https:\/\/spark26.com\/","title":{"rendered":"SPARK 26"},"content":{"rendered":"\t\t<div data-elementor-type=\"wp-page\" data-elementor-id=\"2\" class=\"elementor elementor-2\">\n\t\t\t\t\t\t\t\t\t<section class=\"elementor-section elementor-top-section elementor-element elementor-element-c8d3fef elementor-section-boxed elementor-section-height-default elementor-section-height-default\" data-id=\"c8d3fef\" data-element_type=\"section\">\n\t\t\t\t\t\t<div class=\"elementor-container elementor-column-gap-default\">\n\t\t\t\t\t<div class=\"elementor-column elementor-col-100 elementor-top-column elementor-element elementor-element-a41f86e\" data-id=\"a41f86e\" data-element_type=\"column\">\n\t\t\t<div class=\"elementor-widget-wrap elementor-element-populated\">\n\t\t\t\t\t\t\t\t<div class=\"elementor-element elementor-element-60adc269 elementor-widget elementor-widget-text-editor\" data-id=\"60adc269\" data-element_type=\"widget\" data-widget_type=\"text-editor.default\">\n\t\t\t\t<div class=\"elementor-widget-container\">\n\t\t\t<style>\/*! elementor - v3.14.0 - 26-06-2023 *\/\n.elementor-widget-text-editor.elementor-drop-cap-view-stacked .elementor-drop-cap{background-color:#69727d;color:#fff}.elementor-widget-text-editor.elementor-drop-cap-view-framed .elementor-drop-cap{color:#69727d;border:3px solid;background-color:transparent}.elementor-widget-text-editor:not(.elementor-drop-cap-view-default) .elementor-drop-cap{margin-top:8px}.elementor-widget-text-editor:not(.elementor-drop-cap-view-default) .elementor-drop-cap-letter{width:1em;height:1em}.elementor-widget-text-editor .elementor-drop-cap{float:left;text-align:center;line-height:1;font-size:50px}.elementor-widget-text-editor .elementor-drop-cap-letter{display:inline-block}<\/style>\t\t\t\t<!-- wp:heading {\"level\":1} -->\n<h1 class=\"wp-block-heading\" id=\"decouvrir\">D\u00e9couvrez nos bougies artisanales naturelles !<\/h1>\n<!-- \/wp:heading -->\n\n<!-- wp:paragraph -->\n<p>Nos bougies artisanales sont fabriqu\u00e9es dans la Drome, \u00e0 partir d\u2019ingr\u00e9dients 100\u00a0% naturels et respectueuses de l\u2019environnement.<\/p>\n<!-- \/wp:paragraph -->\n\n<!-- wp:paragraph -->\n<p>Nos cr\u00e9ations<strong> originales<\/strong>,\u00a0<strong>lumineuses<\/strong>,<strong>\u00a0durables\u00a0<\/strong>et\u00a0<em><strong>made in France<\/strong><\/em>\u00a0vous feront fondre. <\/p>\n<!-- \/wp:paragraph -->\n\n<!-- wp:paragraph -->\n<p>Elles \u00e9claireront subtilement chaque espace et sublimeront vos moments\u00a0!<\/p>\n<!-- \/wp:paragraph -->\n\n<!-- wp:paragraph -->\n<p>Elles sont subtilement rehauss\u00e9es de parfums de Grasse.<\/p>\n<!-- \/wp:paragraph -->\n\n<!-- wp:paragraph -->\n<p>Faites-vous plaisir et comblez vos&nbsp;proches avec&nbsp;ces&nbsp;cr\u00e9ations&nbsp;gourmandes et&nbsp;\u00e9tincelantes&nbsp;! \u2728<\/p>\n<!-- \/wp:paragraph -->\t\t\t\t\t\t<\/div>\n\t\t\t\t<\/div>\n\t\t\t\t\t<\/div>\n\t\t<\/div>\n\t\t\t\t\t\t\t<\/div>\n\t\t<\/section>\n\t\t\t\t<section class=\"elementor-section elementor-top-section elementor-element elementor-element-227ccde elementor-section-boxed elementor-section-height-default elementor-section-height-default\" data-id=\"227ccde\" data-element_type=\"section\">\n\t\t\t\t\t\t<div class=\"elementor-container elementor-column-gap-default\">\n\t\t\t\t\t<div class=\"elementor-column elementor-col-100 elementor-top-column elementor-element elementor-element-0be2a10\" data-id=\"0be2a10\" data-element_type=\"column\">\n\t\t\t<div class=\"elementor-widget-wrap elementor-element-populated\">\n\t\t\t\t\t\t\t\t<div class=\"elementor-element elementor-element-c57d81d elementor-widget elementor-widget-image\" data-id=\"c57d81d\" data-element_type=\"widget\" data-widget_type=\"image.default\">\n\t\t\t\t<div class=\"elementor-widget-container\">\n\t\t\t<style>\/*! elementor - v3.14.0 - 26-06-2023 *\/\n.elementor-widget-image{text-align:center}.elementor-widget-image a{display:inline-block}.elementor-widget-image a img[src$=\".svg\"]{width:48px}.elementor-widget-image img{vertical-align:middle;display:inline-block}<\/style>\t\t\t\t\t\t\t\t\t\t\t\t<img loading=\"lazy\" decoding=\"async\" width=\"174\" height=\"215\" src=\"https:\/\/spark26.com\/wp-content\/uploads\/2023\/07\/cropped-Capture-decran-2023-07-10-a-21.32.27-1.png\" class=\"attachment-large size-large wp-image-30\" alt=\"\" \/>\t\t\t\t\t\t\t\t\t\t\t\t\t\t\t<\/div>\n\t\t\t\t<\/div>\n\t\t\t\t\t<\/div>\n\t\t<\/div>\n\t\t\t\t\t\t\t<\/div>\n\t\t<\/section>\n\t\t\t\t\t\t\t<\/div>\n\t\t","protected":false},"excerpt":{"rendered":"<p>D\u00e9couvrez nos bougies artisanales naturelles ! Nos bougies artisanales sont fabriqu\u00e9es dans la Drome, \u00e0 partir d\u2019ingr\u00e9dients 100\u00a0% naturels et respectueuses de l\u2019environnement. Nos cr\u00e9ations originales,\u00a0lumineuses,\u00a0durables\u00a0et\u00a0made in France\u00a0vous feront fondre. Elles \u00e9claireront subtilement chaque espace et sublimeront vos moments\u00a0! Elles sont subtilement rehauss\u00e9es de parfums de Grasse. Faites-vous plaisir et comblez vos&nbsp;proches avec&nbsp;ces&nbsp;cr\u00e9ations&nbsp;gourmandes et&nbsp;\u00e9tincelantes&nbsp;! \u2728<\/p>\n","protected":false},"author":1,"featured_media":0,"parent":0,"menu_order":0,"comment_status":"closed","ping_status":"open","template":"","meta":{"footnotes":""},"class_list":["post-2","page","type-page","status-publish","hentry","entry","owp-thumbs-layout-horizontal","owp-btn-normal","owp-tabs-layout-horizontal","has-no-thumbnails","has-product-nav"],"yoast_head":"<!-- This site is optimized with the Yoast SEO plugin v20.10 - https:\/\/yoast.com\/wordpress\/plugins\/seo\/ -->\n<title>SPARK 26 - SPARK 26<\/title>\n<meta name=\"robots\" content=\"index, follow, max-snippet:-1, max-image-preview:large, max-video-preview:-1\" \/>\n<link rel=\"canonical\" href=\"https:\/\/spark26.com\/\" \/>\n<meta property=\"og:locale\" content=\"en_US\" \/>\n<meta property=\"og:type\" content=\"article\" \/>\n<meta property=\"og:title\" content=\"SPARK 26 - SPARK 26\" \/>\n<meta property=\"og:description\" content=\"D\u00e9couvrez nos bougies artisanales naturelles ! Nos bougies artisanales sont fabriqu\u00e9es dans la Drome, \u00e0 partir d\u2019ingr\u00e9dients 100\u00a0% naturels et respectueuses de l\u2019environnement. Nos cr\u00e9ations originales,\u00a0lumineuses,\u00a0durables\u00a0et\u00a0made in France\u00a0vous feront fondre. Elles \u00e9claireront subtilement chaque espace et sublimeront vos moments\u00a0! Elles sont subtilement rehauss\u00e9es de parfums de Grasse. Faites-vous plaisir et comblez vos&nbsp;proches avec&nbsp;ces&nbsp;cr\u00e9ations&nbsp;gourmandes et&nbsp;\u00e9tincelantes&nbsp;! \u2728\" \/>\n<meta property=\"og:url\" content=\"https:\/\/spark26.com\/\" \/>\n<meta property=\"og:site_name\" content=\"SPARK 26\" \/>\n<meta property=\"article:modified_time\" content=\"2023-07-11T15:57:36+00:00\" \/>\n<meta property=\"og:image\" content=\"http:\/\/spark26.com\/wp-content\/uploads\/2023\/07\/cropped-Capture-decran-2023-07-10-a-21.32.27-1.png\" \/>\n<meta name=\"twitter:card\" content=\"summary_large_image\" \/>\n<meta name=\"twitter:label1\" content=\"Est. reading time\" \/>\n\t<meta name=\"twitter:data1\" content=\"1 minute\" \/>\n<script type=\"application\/ld+json\" class=\"yoast-schema-graph\">{\"@context\":\"https:\/\/schema.org\",\"@graph\":[{\"@type\":\"WebPage\",\"@id\":\"https:\/\/spark26.com\/\",\"url\":\"https:\/\/spark26.com\/\",\"name\":\"SPARK 26 - SPARK 26\",\"isPartOf\":{\"@id\":\"https:\/\/spark26.com\/#website\"},\"datePublished\":\"2023-07-10T17:27:18+00:00\",\"dateModified\":\"2023-07-11T15:57:36+00:00\",\"breadcrumb\":{\"@id\":\"https:\/\/spark26.com\/#breadcrumb\"},\"inLanguage\":\"en-US\",\"potentialAction\":[{\"@type\":\"ReadAction\",\"target\":[\"https:\/\/spark26.com\/\"]}]},{\"@type\":\"BreadcrumbList\",\"@id\":\"https:\/\/spark26.com\/#breadcrumb\",\"itemListElement\":[{\"@type\":\"ListItem\",\"position\":1,\"name\":\"Accueil\",\"item\":\"https:\/\/spark26.com\/\"},{\"@type\":\"ListItem\",\"position\":2,\"name\":\"SPARK 26\"}]},{\"@type\":\"WebSite\",\"@id\":\"https:\/\/spark26.com\/#website\",\"url\":\"https:\/\/spark26.com\/\",\"name\":\"SPARK 26\",\"description\":\"La bougie p\u00e9tillante dr\u00f4moise !\",\"publisher\":{\"@id\":\"https:\/\/spark26.com\/#organization\"},\"potentialAction\":[{\"@type\":\"SearchAction\",\"target\":{\"@type\":\"EntryPoint\",\"urlTemplate\":\"https:\/\/spark26.com\/?s={search_term_string}\"},\"query-input\":\"required name=search_term_string\"}],\"inLanguage\":\"en-US\"},{\"@type\":\"Organization\",\"@id\":\"https:\/\/spark26.com\/#organization\",\"name\":\"SPARK 26\",\"url\":\"https:\/\/spark26.com\/\",\"logo\":{\"@type\":\"ImageObject\",\"inLanguage\":\"en-US\",\"@id\":\"https:\/\/spark26.com\/#\/schema\/logo\/image\/\",\"url\":\"https:\/\/spark26.com\/wp-content\/uploads\/2023\/07\/cropped-Capture-decran-2023-07-10-a-21.32.27-1.png\",\"contentUrl\":\"https:\/\/spark26.com\/wp-content\/uploads\/2023\/07\/cropped-Capture-decran-2023-07-10-a-21.32.27-1.png\",\"width\":174,\"height\":215,\"caption\":\"SPARK 26\"},\"image\":{\"@id\":\"https:\/\/spark26.com\/#\/schema\/logo\/image\/\"}}]}<\/script>\n<!-- \/ Yoast SEO plugin. -->","yoast_head_json":{"title":"SPARK 26 - SPARK 26","robots":{"index":"index","follow":"follow","max-snippet":"max-snippet:-1","max-image-preview":"max-image-preview:large","max-video-preview":"max-video-preview:-1"},"canonical":"https:\/\/spark26.com\/","og_locale":"en_US","og_type":"article","og_title":"SPARK 26 - SPARK 26","og_description":"D\u00e9couvrez nos bougies artisanales naturelles ! Nos bougies artisanales sont fabriqu\u00e9es dans la Drome, \u00e0 partir d\u2019ingr\u00e9dients 100\u00a0% naturels et respectueuses de l\u2019environnement. Nos cr\u00e9ations originales,\u00a0lumineuses,\u00a0durables\u00a0et\u00a0made in France\u00a0vous feront fondre. Elles \u00e9claireront subtilement chaque espace et sublimeront vos moments\u00a0! Elles sont subtilement rehauss\u00e9es de parfums de Grasse. Faites-vous plaisir et comblez vos&nbsp;proches avec&nbsp;ces&nbsp;cr\u00e9ations&nbsp;gourmandes et&nbsp;\u00e9tincelantes&nbsp;! \u2728","og_url":"https:\/\/spark26.com\/","og_site_name":"SPARK 26","article_modified_time":"2023-07-11T15:57:36+00:00","og_image":[{"url":"http:\/\/spark26.com\/wp-content\/uploads\/2023\/07\/cropped-Capture-decran-2023-07-10-a-21.32.27-1.png"}],"twitter_card":"summary_large_image","twitter_misc":{"Est. reading time":"1 minute"},"schema":{"@context":"https:\/\/schema.org","@graph":[{"@type":"WebPage","@id":"https:\/\/spark26.com\/","url":"https:\/\/spark26.com\/","name":"SPARK 26 - SPARK 26","isPartOf":{"@id":"https:\/\/spark26.com\/#website"},"datePublished":"2023-07-10T17:27:18+00:00","dateModified":"2023-07-11T15:57:36+00:00","breadcrumb":{"@id":"https:\/\/spark26.com\/#breadcrumb"},"inLanguage":"en-US","potentialAction":[{"@type":"ReadAction","target":["https:\/\/spark26.com\/"]}]},{"@type":"BreadcrumbList","@id":"https:\/\/spark26.com\/#breadcrumb","itemListElement":[{"@type":"ListItem","position":1,"name":"Accueil","item":"https:\/\/spark26.com\/"},{"@type":"ListItem","position":2,"name":"SPARK 26"}]},{"@type":"WebSite","@id":"https:\/\/spark26.com\/#website","url":"https:\/\/spark26.com\/","name":"SPARK 26","description":"La bougie p\u00e9tillante dr\u00f4moise !","publisher":{"@id":"https:\/\/spark26.com\/#organization"},"potentialAction":[{"@type":"SearchAction","target":{"@type":"EntryPoint","urlTemplate":"https:\/\/spark26.com\/?s={search_term_string}"},"query-input":"required name=search_term_string"}],"inLanguage":"en-US"},{"@type":"Organization","@id":"https:\/\/spark26.com\/#organization","name":"SPARK 26","url":"https:\/\/spark26.com\/","logo":{"@type":"ImageObject","inLanguage":"en-US","@id":"https:\/\/spark26.com\/#\/schema\/logo\/image\/","url":"https:\/\/spark26.com\/wp-content\/uploads\/2023\/07\/cropped-Capture-decran-2023-07-10-a-21.32.27-1.png","contentUrl":"https:\/\/spark26.com\/wp-content\/uploads\/2023\/07\/cropped-Capture-decran-2023-07-10-a-21.32.27-1.png","width":174,"height":215,"caption":"SPARK 26"},"image":{"@id":"https:\/\/spark26.com\/#\/schema\/logo\/image\/"}}]}},"_links":{"self":[{"href":"https:\/\/spark26.com\/index.php\/wp-json\/wp\/v2\/pages\/2","targetHints":{"allow":["GET"]}}],"collection":[{"href":"https:\/\/spark26.com\/index.php\/wp-json\/wp\/v2\/pages"}],"about":[{"href":"https:\/\/spark26.com\/index.php\/wp-json\/wp\/v2\/types\/page"}],"author":[{"embeddable":true,"href":"https:\/\/spark26.com\/index.php\/wp-json\/wp\/v2\/users\/1"}],"replies":[{"embeddable":true,"href":"https:\/\/spark26.com\/index.php\/wp-json\/wp\/v2\/comments?post=2"}],"version-history":[{"count":13,"href":"https:\/\/spark26.com\/index.php\/wp-json\/wp\/v2\/pages\/2\/revisions"}],"predecessor-version":[{"id":71,"href":"https:\/\/spark26.com\/index.php\/wp-json\/wp\/v2\/pages\/2\/revisions\/71"}],"wp:attachment":[{"href":"https:\/\/spark26.com\/index.php\/wp-json\/wp\/v2\/media?parent=2"}],"curies":[{"name":"wp","href":"https:\/\/api.w.org\/{rel}","templated":true}]}}